{"id":503,"date":"2024-02-17T11:08:24","date_gmt":"2024-02-17T14:08:24","guid":{"rendered":"https:\/\/gailportopisos.com\/?page_id=503"},"modified":"2025-07-06T21:05:16","modified_gmt":"2025-07-07T00:05:16","slug":"pisos-gail","status":"publish","type":"page","link":"https:\/\/gailportopisos.com\/?page_id=503","title":{"rendered":"Pisos Gail"},"content":{"rendered":"\t\t<div data-elementor-type=\"wp-page\" data-elementor-id=\"503\" class=\"elementor elementor-503\" data-elementor-post-type=\"page\">\n\t\t\t\t<div class=\"elementor-element elementor-element-629944b e-flex e-con-boxed e-con e-parent\" data-id=\"629944b\" data-element_type=\"container\">\n\t\t\t\t\t<div class=\"e-con-inner\">\n\t\t\t\t\t<\/div>\n\t\t\t\t<\/div>\n\t\t<div class=\"elementor-element elementor-element-87a86ab e-flex e-con-boxed e-con e-parent\" data-id=\"87a86ab\" data-element_type=\"container\">\n\t\t\t\t\t<div class=\"e-con-inner\">\n\t\t\t\t<div class=\"elementor-element elementor-element-318ca93 elementor-widget elementor-widget-heading\" data-id=\"318ca93\" data-element_type=\"widget\" data-widget_type=\"heading.default\">\n\t\t\t\t\t<h2 class=\"elementor-heading-title elementor-size-default\">Explore os Detalhes: Pisos Gail em Destaque<\/h2>\t\t\t\t<\/div>\n\t\t\t\t<div class=\"elementor-element elementor-element-1e57e0b elementor-widget elementor-widget-text-editor\" data-id=\"1e57e0b\" data-element_type=\"widget\" data-widget_type=\"text-editor.default\">\n\t\t\t\t\t\t\t\t\t<p>D\u00ea uma olhada mais de perto nos nossos pisos Gail. N\u00e3o perca a chance de elevar o padr\u00e3o do seu espa\u00e7o &#8211;<strong> explore agora!<\/strong><\/p>\t\t\t\t\t\t\t\t<\/div>\n\t\t\t\t\t<\/div>\n\t\t\t\t<\/div>\n\t\t<div class=\"elementor-element elementor-element-c1e7e83 e-flex e-con-boxed e-con e-parent\" data-id=\"c1e7e83\" data-element_type=\"container\">\n\t\t\t\t\t<div class=\"e-con-inner\">\n\t\t\t\t<div class=\"elementor-element elementor-element-2e5ad95 gallery-spacing-custom elementor-widget__width-initial elementor-widget elementor-widget-image-gallery\" data-id=\"2e5ad95\" data-element_type=\"widget\" data-widget_type=\"image-gallery.default\">\n\t\t\t\t\t\t\t<div class=\"elementor-image-gallery\">\n\t\t\t<div class=\"tiled-gallery type-rectangular tiled-gallery-unresized\" data-original-width=\"1200\" data-carousel-extra='null' itemscope itemtype=\"http:\/\/schema.org\/ImageGallery\" > <div class=\"gallery-row\" style=\"width: 1200px; height: 535px;\" data-original-width=\"1200\" data-original-height=\"535\" > <div class=\"gallery-group images-1\" style=\"width: 801px; height: 535px;\" data-original-width=\"801\" data-original-height=\"535\" > <div class=\"tiled-gallery-item tiled-gallery-item-large\" itemprop=\"associatedMedia\" itemscope itemtype=\"http:\/\/schema.org\/ImageObject\"> <a href=\"https:\/\/i0.wp.com\/gailportopisos.com\/wp-content\/uploads\/2024\/02\/imagem_2024-02-17_112123812.png?ssl=1\" border=\"0\" itemprop=\"url\"> <meta itemprop=\"width\" content=\"797\"> <meta itemprop=\"height\" content=\"531\"> <img loading=\"lazy\" decoding=\"async\" class=\"\" data-attachment-id=\"524\" data-orig-file=\"https:\/\/gailportopisos.com\/wp-content\/uploads\/2024\/02\/imagem_2024-02-17_112123812.png\" data-orig-size=\"600,400\" data-comments-opened=\"1\" data-image-meta=\"{&quot;aperture&quot;:&quot;0&quot;,&quot;credit&quot;:&quot;&quot;,&quot;camera&quot;:&quot;&quot;,&quot;caption&quot;:&quot;&quot;,&quot;created_timestamp&quot;:&quot;0&quot;,&quot;copyright&quot;:&quot;&quot;,&quot;focal_length&quot;:&quot;0&quot;,&quot;iso&quot;:&quot;0&quot;,&quot;shutter_speed&quot;:&quot;0&quot;,&quot;title&quot;:&quot;&quot;,&quot;orientation&quot;:&quot;0&quot;}\" data-image-title=\"imagem_2024-02-17_112123812\" data-image-description=\"\" data-medium-file=\"https:\/\/i0.wp.com\/gailportopisos.com\/wp-content\/uploads\/2024\/02\/imagem_2024-02-17_112123812.png?fit=300%2C200&#038;ssl=1\" data-large-file=\"https:\/\/i0.wp.com\/gailportopisos.com\/wp-content\/uploads\/2024\/02\/imagem_2024-02-17_112123812.png?fit=600%2C400&#038;ssl=1\" src=\"https:\/\/i0.wp.com\/gailportopisos.com\/wp-content\/uploads\/2024\/02\/imagem_2024-02-17_112123812.png?w=797&#038;h=531&#038;ssl=1\" srcset=\"https:\/\/i0.wp.com\/gailportopisos.com\/wp-content\/uploads\/2024\/02\/imagem_2024-02-17_112123812.png?w=600&amp;ssl=1 600w, https:\/\/i0.wp.com\/gailportopisos.com\/wp-content\/uploads\/2024\/02\/imagem_2024-02-17_112123812.png?resize=300%2C200&amp;ssl=1 300w\" width=\"797\" height=\"531\" loading=\"lazy\" data-original-width=\"797\" data-original-height=\"531\" itemprop=\"http:\/\/schema.org\/image\" title=\"imagem_2024-02-17_112123812\" alt=\"imagem_2024-02-17_112123812\" style=\"width: 797px; height: 531px;\" \/> <\/a> <\/div> <\/div> <!-- close group --> <div class=\"gallery-group images-2\" style=\"width: 399px; height: 535px;\" data-original-width=\"399\" data-original-height=\"535\" > <div class=\"tiled-gallery-item tiled-gallery-item-large\" itemprop=\"associatedMedia\" itemscope itemtype=\"http:\/\/schema.org\/ImageObject\"> <a href=\"https:\/\/i0.wp.com\/gailportopisos.com\/wp-content\/uploads\/2024\/02\/imagem_2024-02-17_112206705.png?ssl=1\" border=\"0\" itemprop=\"url\"> <meta itemprop=\"width\" content=\"395\"> <meta itemprop=\"height\" content=\"264\"> <img loading=\"lazy\" decoding=\"async\" class=\"\" data-attachment-id=\"525\" data-orig-file=\"https:\/\/gailportopisos.com\/wp-content\/uploads\/2024\/02\/imagem_2024-02-17_112206705.png\" data-orig-size=\"600,400\" data-comments-opened=\"1\" data-image-meta=\"{&quot;aperture&quot;:&quot;0&quot;,&quot;credit&quot;:&quot;&quot;,&quot;camera&quot;:&quot;&quot;,&quot;caption&quot;:&quot;&quot;,&quot;created_timestamp&quot;:&quot;0&quot;,&quot;copyright&quot;:&quot;&quot;,&quot;focal_length&quot;:&quot;0&quot;,&quot;iso&quot;:&quot;0&quot;,&quot;shutter_speed&quot;:&quot;0&quot;,&quot;title&quot;:&quot;&quot;,&quot;orientation&quot;:&quot;0&quot;}\" data-image-title=\"imagem_2024-02-17_112206705\" data-image-description=\"\" data-medium-file=\"https:\/\/i0.wp.com\/gailportopisos.com\/wp-content\/uploads\/2024\/02\/imagem_2024-02-17_112206705.png?fit=300%2C200&#038;ssl=1\" data-large-file=\"https:\/\/i0.wp.com\/gailportopisos.com\/wp-content\/uploads\/2024\/02\/imagem_2024-02-17_112206705.png?fit=600%2C400&#038;ssl=1\" src=\"https:\/\/i0.wp.com\/gailportopisos.com\/wp-content\/uploads\/2024\/02\/imagem_2024-02-17_112206705.png?w=395&#038;h=264&#038;ssl=1\" srcset=\"https:\/\/i0.wp.com\/gailportopisos.com\/wp-content\/uploads\/2024\/02\/imagem_2024-02-17_112206705.png?w=600&amp;ssl=1 600w, https:\/\/i0.wp.com\/gailportopisos.com\/wp-content\/uploads\/2024\/02\/imagem_2024-02-17_112206705.png?resize=300%2C200&amp;ssl=1 300w\" width=\"395\" height=\"264\" loading=\"lazy\" data-original-width=\"395\" data-original-height=\"264\" itemprop=\"http:\/\/schema.org\/image\" title=\"imagem_2024-02-17_112206705\" alt=\"imagem_2024-02-17_112206705\" style=\"width: 395px; height: 264px;\" \/> <\/a> <\/div> <div class=\"tiled-gallery-item tiled-gallery-item-large\" itemprop=\"associatedMedia\" itemscope itemtype=\"http:\/\/schema.org\/ImageObject\"> <a href=\"https:\/\/i0.wp.com\/gailportopisos.com\/wp-content\/uploads\/2024\/02\/imagem_2024-02-17_112238999.png?ssl=1\" border=\"0\" itemprop=\"url\"> <meta itemprop=\"width\" content=\"395\"> <meta itemprop=\"height\" content=\"263\"> <img loading=\"lazy\" decoding=\"async\" class=\"\" data-attachment-id=\"526\" data-orig-file=\"https:\/\/gailportopisos.com\/wp-content\/uploads\/2024\/02\/imagem_2024-02-17_112238999.png\" data-orig-size=\"600,400\" data-comments-opened=\"1\" data-image-meta=\"{&quot;aperture&quot;:&quot;0&quot;,&quot;credit&quot;:&quot;&quot;,&quot;camera&quot;:&quot;&quot;,&quot;caption&quot;:&quot;&quot;,&quot;created_timestamp&quot;:&quot;0&quot;,&quot;copyright&quot;:&quot;&quot;,&quot;focal_length&quot;:&quot;0&quot;,&quot;iso&quot;:&quot;0&quot;,&quot;shutter_speed&quot;:&quot;0&quot;,&quot;title&quot;:&quot;&quot;,&quot;orientation&quot;:&quot;0&quot;}\" data-image-title=\"imagem_2024-02-17_112238999\" data-image-description=\"\" data-medium-file=\"https:\/\/i0.wp.com\/gailportopisos.com\/wp-content\/uploads\/2024\/02\/imagem_2024-02-17_112238999.png?fit=300%2C200&#038;ssl=1\" data-large-file=\"https:\/\/i0.wp.com\/gailportopisos.com\/wp-content\/uploads\/2024\/02\/imagem_2024-02-17_112238999.png?fit=600%2C400&#038;ssl=1\" src=\"https:\/\/i0.wp.com\/gailportopisos.com\/wp-content\/uploads\/2024\/02\/imagem_2024-02-17_112238999.png?w=395&#038;h=263&#038;ssl=1\" srcset=\"https:\/\/i0.wp.com\/gailportopisos.com\/wp-content\/uploads\/2024\/02\/imagem_2024-02-17_112238999.png?w=600&amp;ssl=1 600w, https:\/\/i0.wp.com\/gailportopisos.com\/wp-content\/uploads\/2024\/02\/imagem_2024-02-17_112238999.png?resize=300%2C200&amp;ssl=1 300w\" width=\"395\" height=\"263\" loading=\"lazy\" data-original-width=\"395\" data-original-height=\"263\" itemprop=\"http:\/\/schema.org\/image\" title=\"imagem_2024-02-17_112238999\" alt=\"imagem_2024-02-17_112238999\" style=\"width: 395px; height: 263px;\" \/> <\/a> <\/div> <\/div> <!-- close group --> <\/div> <!-- close row --> <div class=\"gallery-row\" style=\"width: 1200px; height: 801px;\" data-original-width=\"1200\" data-original-height=\"801\" > <div class=\"gallery-group images-1\" style=\"width: 1200px; height: 801px;\" data-original-width=\"1200\" data-original-height=\"801\" > <div class=\"tiled-gallery-item tiled-gallery-item-large\" itemprop=\"associatedMedia\" itemscope itemtype=\"http:\/\/schema.org\/ImageObject\"> <a href=\"https:\/\/i0.wp.com\/gailportopisos.com\/wp-content\/uploads\/2024\/02\/imagem_2024-02-17_112331340.png?ssl=1\" border=\"0\" itemprop=\"url\"> <meta itemprop=\"width\" content=\"1196\"> <meta itemprop=\"height\" content=\"797\"> <img loading=\"lazy\" decoding=\"async\" class=\"\" data-attachment-id=\"527\" data-orig-file=\"https:\/\/gailportopisos.com\/wp-content\/uploads\/2024\/02\/imagem_2024-02-17_112331340.png\" data-orig-size=\"600,400\" data-comments-opened=\"1\" data-image-meta=\"{&quot;aperture&quot;:&quot;0&quot;,&quot;credit&quot;:&quot;&quot;,&quot;camera&quot;:&quot;&quot;,&quot;caption&quot;:&quot;&quot;,&quot;created_timestamp&quot;:&quot;0&quot;,&quot;copyright&quot;:&quot;&quot;,&quot;focal_length&quot;:&quot;0&quot;,&quot;iso&quot;:&quot;0&quot;,&quot;shutter_speed&quot;:&quot;0&quot;,&quot;title&quot;:&quot;&quot;,&quot;orientation&quot;:&quot;0&quot;}\" data-image-title=\"imagem_2024-02-17_112331340\" data-image-description=\"\" data-medium-file=\"https:\/\/i0.wp.com\/gailportopisos.com\/wp-content\/uploads\/2024\/02\/imagem_2024-02-17_112331340.png?fit=300%2C200&#038;ssl=1\" data-large-file=\"https:\/\/i0.wp.com\/gailportopisos.com\/wp-content\/uploads\/2024\/02\/imagem_2024-02-17_112331340.png?fit=600%2C400&#038;ssl=1\" src=\"https:\/\/i0.wp.com\/gailportopisos.com\/wp-content\/uploads\/2024\/02\/imagem_2024-02-17_112331340.png?w=1196&#038;h=797&#038;ssl=1\" srcset=\"https:\/\/i0.wp.com\/gailportopisos.com\/wp-content\/uploads\/2024\/02\/imagem_2024-02-17_112331340.png?w=600&amp;ssl=1 600w, https:\/\/i0.wp.com\/gailportopisos.com\/wp-content\/uploads\/2024\/02\/imagem_2024-02-17_112331340.png?resize=300%2C200&amp;ssl=1 300w\" width=\"1196\" height=\"797\" loading=\"lazy\" data-original-width=\"1196\" data-original-height=\"797\" itemprop=\"http:\/\/schema.org\/image\" title=\"imagem_2024-02-17_112331340\" alt=\"imagem_2024-02-17_112331340\" style=\"width: 1196px; height: 797px;\" \/> <\/a> <\/div> <\/div> <!-- close group --> <\/div> <!-- close row --> <\/div>\t\t<\/div>\n\t\t\t\t\t\t<\/div>\n\t\t\t\t\t<\/div>\n\t\t\t\t<\/div>\n\t\t<div class=\"elementor-element elementor-element-424c2cd e-flex e-con-boxed e-con e-parent\" data-id=\"424c2cd\" data-element_type=\"container\">\n\t\t\t\t\t<div class=\"e-con-inner\">\n\t\t\t\t\t<\/div>\n\t\t\t\t<\/div>\n\t\t<div class=\"elementor-element elementor-element-3ad3532 e-flex e-con-boxed e-con e-parent\" data-id=\"3ad3532\" data-element_type=\"container\">\n\t\t\t\t\t<div class=\"e-con-inner\">\n\t\t\t\t\t<\/div>\n\t\t\t\t<\/div>\n\t\t<div class=\"elementor-element elementor-element-cadc669 e-flex e-con-boxed e-con e-parent\" data-id=\"cadc669\" data-element_type=\"container\" data-settings=\"{&quot;background_background&quot;:&quot;classic&quot;}\">\n\t\t\t\t\t<div class=\"e-con-inner\">\n\t\t\t\t\t<\/div>\n\t\t\t\t<\/div>\n\t\t<div class=\"elementor-element elementor-element-7ac2ebd e-flex e-con-boxed e-con e-parent\" data-id=\"7ac2ebd\" data-element_type=\"container\">\n\t\t\t\t\t<div class=\"e-con-inner\">\n\t\t\t\t\t<\/div>\n\t\t\t\t<\/div>\n\t\t<div class=\"elementor-element elementor-element-712c0f7 e-flex e-con-boxed e-con e-parent\" data-id=\"712c0f7\" data-element_type=\"container\">\n\t\t\t\t\t<div class=\"e-con-inner\">\n\t\t\t\t\t<\/div>\n\t\t\t\t<\/div>\n\t\t<div class=\"elementor-element elementor-element-7af9521 e-flex e-con-boxed e-con e-parent\" data-id=\"7af9521\" data-element_type=\"container\" data-settings=\"{&quot;background_background&quot;:&quot;classic&quot;}\">\n\t\t\t\t\t<div class=\"e-con-inner\">\n\t\t\t\t<div class=\"elementor-element elementor-element-0dbb823 elementor-widget elementor-widget-heading\" data-id=\"0dbb823\" data-element_type=\"widget\" data-widget_type=\"heading.default\">\n\t\t\t\t\t<h2 class=\"elementor-heading-title elementor-size-default\">Confira nossa linha de Argamassas<\/h2>\t\t\t\t<\/div>\n\t\t\t\t\t<\/div>\n\t\t\t\t<\/div>\n\t\t<div class=\"elementor-element elementor-element-df22440 e-flex e-con-boxed e-con e-parent\" data-id=\"df22440\" data-element_type=\"container\">\n\t\t\t\t\t<div class=\"e-con-inner\">\n\t\t\t\t\t<\/div>\n\t\t\t\t<\/div>\n\t\t<div class=\"elementor-element elementor-element-b92fdd6 e-flex e-con-boxed e-con e-parent\" data-id=\"b92fdd6\" data-element_type=\"container\">\n\t\t\t\t\t<div class=\"e-con-inner\">\n\t\t\t\t\t<\/div>\n\t\t\t\t<\/div>\n\t\t<div class=\"elementor-element elementor-element-6782c8a e-flex e-con-boxed e-con e-parent\" data-id=\"6782c8a\" data-element_type=\"container\">\n\t\t\t\t\t<div class=\"e-con-inner\">\n\t\t\t\t\t<\/div>\n\t\t\t\t<\/div>\n\t\t<div class=\"elementor-element elementor-element-6565d18 e-flex e-con-boxed e-con e-parent\" data-id=\"6565d18\" data-element_type=\"container\" data-settings=\"{&quot;background_background&quot;:&quot;classic&quot;}\">\n\t\t\t\t\t<div class=\"e-con-inner\">\n\t\t<div class=\"elementor-element elementor-element-5dd7691 e-con-full e-flex e-con e-child\" data-id=\"5dd7691\" data-element_type=\"container\" data-settings=\"{&quot;background_background&quot;:&quot;classic&quot;}\">\n\t\t\t\t<div class=\"elementor-element elementor-element-6f2d4d0 elementor-position-left elementor-vertical-align-middle elementor-widget__width-inherit elementor-widget elementor-widget-image-box\" data-id=\"6f2d4d0\" data-element_type=\"widget\" data-widget_type=\"image-box.default\">\n\t\t\t\t\t<div class=\"elementor-image-box-wrapper\"><figure class=\"elementor-image-box-img\"><img fetchpriority=\"high\" decoding=\"async\" width=\"754\" height=\"921\" src=\"https:\/\/i0.wp.com\/gailportopisos.com\/wp-content\/uploads\/2025\/01\/0bd3717b-254f-43e6-a0cc-9285ab4e2cce.webp?fit=754%2C921&amp;ssl=1\" class=\"attachment-full size-full wp-image-1009\" alt=\"\" srcset=\"https:\/\/i0.wp.com\/gailportopisos.com\/wp-content\/uploads\/2025\/01\/0bd3717b-254f-43e6-a0cc-9285ab4e2cce.webp?w=754&amp;ssl=1 754w, https:\/\/i0.wp.com\/gailportopisos.com\/wp-content\/uploads\/2025\/01\/0bd3717b-254f-43e6-a0cc-9285ab4e2cce.webp?resize=246%2C300&amp;ssl=1 246w, https:\/\/i0.wp.com\/gailportopisos.com\/wp-content\/uploads\/2025\/01\/0bd3717b-254f-43e6-a0cc-9285ab4e2cce.webp?resize=600%2C733&amp;ssl=1 600w\" sizes=\"(max-width: 754px) 100vw, 754px\" \/><\/figure><div class=\"elementor-image-box-content\"><h3 class=\"elementor-image-box-title\">Argamassa Alta Resist\u00eancia<\/h3><p class=\"elementor-image-box-description\">A Argamassa Alta Resist\u00eancia \u00e9 desenvolvida para aplica\u00e7\u00f5es que exigem m\u00e1xima durabilidade e resist\u00eancia qu\u00edmica. Composta por cimento aluminoso, cargas minerais selecionadas, aditivos de alta performance e pigmentos de qualidade, essa argamassa \u00e9 ideal para juntas de at\u00e9 10 mm em revestimentos cer\u00e2micos.<\/p><\/div><\/div>\t\t\t\t<\/div>\n\t\t\t\t<\/div>\n\t\t\t\t\t<\/div>\n\t\t\t\t<\/div>\n\t\t<div class=\"elementor-element elementor-element-bcbfdd4 e-flex e-con-boxed e-con e-parent\" data-id=\"bcbfdd4\" data-element_type=\"container\">\n\t\t\t\t\t<div class=\"e-con-inner\">\n\t\t\t\t\t<\/div>\n\t\t\t\t<\/div>\n\t\t<div class=\"elementor-element elementor-element-024ffca e-flex e-con-boxed e-con e-parent\" data-id=\"024ffca\" data-element_type=\"container\">\n\t\t\t\t\t<div class=\"e-con-inner\">\n\t\t\t\t\t<\/div>\n\t\t\t\t<\/div>\n\t\t<div class=\"elementor-element elementor-element-ff4b55f e-flex e-con-boxed e-con e-parent\" data-id=\"ff4b55f\" data-element_type=\"container\">\n\t\t\t\t\t<div class=\"e-con-inner\">\n\t\t\t\t\t<\/div>\n\t\t\t\t<\/div>\n\t\t<div class=\"elementor-element elementor-element-ad823b5 e-flex e-con-boxed e-con e-parent\" data-id=\"ad823b5\" data-element_type=\"container\" data-settings=\"{&quot;background_background&quot;:&quot;classic&quot;}\">\n\t\t\t\t\t<div class=\"e-con-inner\">\n\t\t<div class=\"elementor-element elementor-element-5fff468 e-con-full e-flex e-con e-child\" data-id=\"5fff468\" data-element_type=\"container\" data-settings=\"{&quot;background_background&quot;:&quot;classic&quot;}\">\n\t\t\t\t<div class=\"elementor-element elementor-element-4d798d6 elementor-position-right elementor-vertical-align-middle elementor-widget elementor-widget-image-box\" data-id=\"4d798d6\" data-element_type=\"widget\" data-widget_type=\"image-box.default\">\n\t\t\t\t\t<div class=\"elementor-image-box-wrapper\"><figure class=\"elementor-image-box-img\"><img decoding=\"async\" width=\"814\" height=\"923\" src=\"https:\/\/i0.wp.com\/gailportopisos.com\/wp-content\/uploads\/2025\/01\/21293ddb-339d-4449-9429-c125aad66bba-e1737767449327.webp?fit=814%2C923&amp;ssl=1\" class=\"attachment-full size-full wp-image-1008\" alt=\"\" srcset=\"https:\/\/i0.wp.com\/gailportopisos.com\/wp-content\/uploads\/2025\/01\/21293ddb-339d-4449-9429-c125aad66bba-e1737767449327.webp?w=814&amp;ssl=1 814w, https:\/\/i0.wp.com\/gailportopisos.com\/wp-content\/uploads\/2025\/01\/21293ddb-339d-4449-9429-c125aad66bba-e1737767449327.webp?resize=265%2C300&amp;ssl=1 265w, https:\/\/i0.wp.com\/gailportopisos.com\/wp-content\/uploads\/2025\/01\/21293ddb-339d-4449-9429-c125aad66bba-e1737767449327.webp?resize=768%2C871&amp;ssl=1 768w, https:\/\/i0.wp.com\/gailportopisos.com\/wp-content\/uploads\/2025\/01\/21293ddb-339d-4449-9429-c125aad66bba-e1737767449327.webp?resize=600%2C680&amp;ssl=1 600w\" sizes=\"(max-width: 814px) 100vw, 814px\" \/><\/figure><div class=\"elementor-image-box-content\"><h3 class=\"elementor-image-box-title\">Indica\u00e7\u00f5es de uso:<\/h3><p class=\"elementor-image-box-description\">\u00c1reas expostas a ataques de \u00e1cidos de baixa concentra\u00e7\u00e3o, como cozinhas industriais e ind\u00fastrias em geral.\nLocais com alto tr\u00e1fego de pedestres e ve\u00edculos, garantindo resist\u00eancia ao desgaste mec\u00e2nico.\nEssa argamassa alia tecnologia e praticidade, sendo a solu\u00e7\u00e3o perfeita para ambientes que demandam alta resist\u00eancia qu\u00edmica e mec\u00e2nica sem abrir m\u00e3o da est\u00e9tica e durabilidade.<\/p><\/div><\/div>\t\t\t\t<\/div>\n\t\t\t\t<\/div>\n\t\t\t\t\t<\/div>\n\t\t\t\t<\/div>\n\t\t<div class=\"elementor-element elementor-element-0459f24 e-flex e-con-boxed e-con e-parent\" data-id=\"0459f24\" data-element_type=\"container\">\n\t\t\t\t\t<div class=\"e-con-inner\">\n\t\t\t\t\t<\/div>\n\t\t\t\t<\/div>\n\t\t<div class=\"elementor-element elementor-element-ecd22c1 e-flex e-con-boxed e-con e-parent\" data-id=\"ecd22c1\" data-element_type=\"container\">\n\t\t\t\t\t<div class=\"e-con-inner\">\n\t\t\t\t\t<\/div>\n\t\t\t\t<\/div>\n\t\t<div class=\"elementor-element elementor-element-cec8452 e-flex e-con-boxed e-con e-parent\" data-id=\"cec8452\" data-element_type=\"container\">\n\t\t\t\t\t<div class=\"e-con-inner\">\n\t\t\t\t\t<\/div>\n\t\t\t\t<\/div>\n\t\t<div class=\"elementor-element elementor-element-88cc76d e-flex e-con-boxed e-con e-parent\" data-id=\"88cc76d\" data-element_type=\"container\" data-settings=\"{&quot;background_background&quot;:&quot;classic&quot;}\">\n\t\t\t\t\t<div class=\"e-con-inner\">\n\t\t<div class=\"elementor-element elementor-element-6836b09 e-con-full e-flex e-con e-child\" data-id=\"6836b09\" data-element_type=\"container\" data-settings=\"{&quot;background_background&quot;:&quot;classic&quot;}\">\n\t\t\t\t<div class=\"elementor-element elementor-element-1cbd37b elementor-position-right elementor-vertical-align-top elementor-widget elementor-widget-image-box\" data-id=\"1cbd37b\" data-element_type=\"widget\" data-widget_type=\"image-box.default\">\n\t\t\t\t\t<div class=\"elementor-image-box-wrapper\"><figure class=\"elementor-image-box-img\"><img decoding=\"async\" width=\"740\" height=\"500\" src=\"https:\/\/i0.wp.com\/gailportopisos.com\/wp-content\/uploads\/2025\/01\/ArgamassasReparacao_NEW-e1737769815807.webp?fit=740%2C500&amp;ssl=1\" class=\"attachment-full size-full wp-image-1019\" alt=\"\" srcset=\"https:\/\/i0.wp.com\/gailportopisos.com\/wp-content\/uploads\/2025\/01\/ArgamassasReparacao_NEW-e1737769815807.webp?w=740&amp;ssl=1 740w, https:\/\/i0.wp.com\/gailportopisos.com\/wp-content\/uploads\/2025\/01\/ArgamassasReparacao_NEW-e1737769815807.webp?resize=300%2C203&amp;ssl=1 300w, https:\/\/i0.wp.com\/gailportopisos.com\/wp-content\/uploads\/2025\/01\/ArgamassasReparacao_NEW-e1737769815807.webp?resize=600%2C405&amp;ssl=1 600w\" sizes=\"(max-width: 740px) 100vw, 740px\" \/><\/figure><div class=\"elementor-image-box-content\"><h3 class=\"elementor-image-box-title\">Fa\u00e7a um or\u00e7amento!<\/h3><p class=\"elementor-image-box-description\">Pensada para revestimentos cer\u00e2micos em \u00e1reas de tr\u00e1fego intenso e exposi\u00e7\u00e3o a \u00e1cidos de baixa concentra\u00e7\u00e3o, nossa solu\u00e7\u00e3o oferece qualidade e durabilidade. Porto Pisos e Revestimentos, que tal fecharmos este or\u00e7amento hoje?<\/p><\/div><\/div>\t\t\t\t<\/div>\n\t\t\t\t<\/div>\n\t\t\t\t\t<\/div>\n\t\t\t\t<\/div>\n\t\t\t\t<\/div>\n\t\t","protected":false},"excerpt":{"rendered":"<p>C\u00e2maras Frias Feitos com materiais de alta resist\u00eancia e durabilidade, ideais para ambientes de baixa temperatura, proporcionando isolamento t\u00e9rmico eficiente. Conhe\u00e7a nossas ofertas! Padarias Superf\u00edcie antiderrapante e f\u00e1cil de limpar, garantindo seguran\u00e7a e higiene no ambiente de trabalho, com resist\u00eancia ao desgaste e a\u00e7\u00e3o antif\u00fangica. Conhe\u00e7a nossas ofertas! Laborat\u00f3rios Projetados com materiais de alta qualidade, [&hellip;]<\/p>\n","protected":false},"author":1,"featured_media":0,"parent":0,"menu_order":0,"comment_status":"closed","ping_status":"closed","template":"page-templates\/fullwidth-content.php","meta":{"_joinchat":[],"footnotes":""},"class_list":["post-503","page","type-page","status-publish","hentry"],"_hostinger_reach_plugin_has_subscription_block":false,"_hostinger_reach_plugin_is_elementor":false,"jetpack_sharing_enabled":true,"_links":{"self":[{"href":"https:\/\/gailportopisos.com\/index.php?rest_route=\/wp\/v2\/pages\/503","targetHints":{"allow":["GET"]}}],"collection":[{"href":"https:\/\/gailportopisos.com\/index.php?rest_route=\/wp\/v2\/pages"}],"about":[{"href":"https:\/\/gailportopisos.com\/index.php?rest_route=\/wp\/v2\/types\/page"}],"author":[{"embeddable":true,"href":"https:\/\/gailportopisos.com\/index.php?rest_route=\/wp\/v2\/users\/1"}],"replies":[{"embeddable":true,"href":"https:\/\/gailportopisos.com\/index.php?rest_route=%2Fwp%2Fv2%2Fcomments&post=503"}],"version-history":[{"count":139,"href":"https:\/\/gailportopisos.com\/index.php?rest_route=\/wp\/v2\/pages\/503\/revisions"}],"predecessor-version":[{"id":1071,"href":"https:\/\/gailportopisos.com\/index.php?rest_route=\/wp\/v2\/pages\/503\/revisions\/1071"}],"wp:attachment":[{"href":"https:\/\/gailportopisos.com\/index.php?rest_route=%2Fwp%2Fv2%2Fmedia&parent=503"}],"curies":[{"name":"wp","href":"https:\/\/api.w.org\/{rel}","templated":true}]}}