{"id":67,"date":"2024-02-12T15:50:43","date_gmt":"2024-02-12T18:50:43","guid":{"rendered":"https:\/\/gailportopisos.com\/?page_id=67"},"modified":"2025-07-06T21:10:02","modified_gmt":"2025-07-07T00:10:02","slug":"sobre-nos","status":"publish","type":"page","link":"https:\/\/gailportopisos.com\/?page_id=67","title":{"rendered":"Sobre N\u00f3s"},"content":{"rendered":"\t\t<div data-elementor-type=\"wp-page\" data-elementor-id=\"67\" class=\"elementor elementor-67\" data-elementor-post-type=\"page\">\n\t\t\t\t<div class=\"elementor-element elementor-element-5a1e6f97 e-con-full e-flex e-con e-parent\" data-id=\"5a1e6f97\" data-element_type=\"container\">\n\t\t<div class=\"elementor-element elementor-element-4eb33ef7 e-con-full e-flex e-con e-child\" data-id=\"4eb33ef7\" data-element_type=\"container\">\n\t\t\t\t<div class=\"elementor-element elementor-element-217a3cad elementor-widget__width-inherit elementor-widget-mobile__width-inherit elementor-widget elementor-widget-image-box\" data-id=\"217a3cad\" data-element_type=\"widget\" data-widget_type=\"image-box.default\">\n\t\t\t\t\t<div class=\"elementor-image-box-wrapper\"><div class=\"elementor-image-box-content\"><h3 class=\"elementor-image-box-title\">Sobre N\u00f3s<\/h3><p class=\"elementor-image-box-description\">H\u00e1 mais de uma d\u00e9cada no mercado, a Porto Pisos e Revestimentos tem sido l\u00edder na oferta de produtos de alta qualidade, incluindo pisos, revestimentos e porcelanatos avaliados como \"A\". <\/p><\/div><\/div>\t\t\t\t<\/div>\n\t\t\t\t<div class=\"elementor-element elementor-element-3766a97a elementor-widget elementor-widget-image\" data-id=\"3766a97a\" data-element_type=\"widget\" data-widget_type=\"image.default\">\n\t\t\t\t\t\t\t\t\t\t\t\t\t\t\t<img fetchpriority=\"high\" decoding=\"async\" width=\"626\" height=\"417\" src=\"https:\/\/i0.wp.com\/gailportopisos.com\/wp-content\/uploads\/2024\/02\/imagem_2024-02-18_154927429.png?fit=626%2C417&amp;ssl=1\" class=\"attachment-full size-full wp-image-845\" alt=\"\" srcset=\"https:\/\/i0.wp.com\/gailportopisos.com\/wp-content\/uploads\/2024\/02\/imagem_2024-02-18_154927429.png?w=626&amp;ssl=1 626w, https:\/\/i0.wp.com\/gailportopisos.com\/wp-content\/uploads\/2024\/02\/imagem_2024-02-18_154927429.png?resize=300%2C200&amp;ssl=1 300w, https:\/\/i0.wp.com\/gailportopisos.com\/wp-content\/uploads\/2024\/02\/imagem_2024-02-18_154927429.png?resize=600%2C400&amp;ssl=1 600w\" sizes=\"(max-width: 626px) 100vw, 626px\" \/>\t\t\t\t\t\t\t\t\t\t\t\t\t\t\t<\/div>\n\t\t\t\t<\/div>\n\t\t<div class=\"elementor-element elementor-element-319e4ce5 e-con-full e-flex e-con e-child\" data-id=\"319e4ce5\" data-element_type=\"container\">\n\t\t\t\t<div class=\"elementor-element elementor-element-cda8510 elementor-widget__width-initial elementor-widget-tablet__width-inherit elementor-widget-mobile__width-inherit elementor-position-top elementor-widget elementor-widget-image-box\" data-id=\"cda8510\" data-element_type=\"widget\" data-widget_type=\"image-box.default\">\n\t\t\t\t\t<div class=\"elementor-image-box-wrapper\"><figure class=\"elementor-image-box-img\"><img decoding=\"async\" width=\"1600\" height=\"900\" src=\"https:\/\/i0.wp.com\/gailportopisos.com\/wp-content\/uploads\/2024\/02\/WhatsApp-Image-2024-02-19-at-09.56.15.webp?resize=1600%2C900&amp;ssl=1\" class=\"attachment-kava-thumb-xl size-kava-thumb-xl wp-image-873\" alt=\"\" srcset=\"https:\/\/i0.wp.com\/gailportopisos.com\/wp-content\/uploads\/2024\/02\/WhatsApp-Image-2024-02-19-at-09.56.15.webp?w=1600&amp;ssl=1 1600w, https:\/\/i0.wp.com\/gailportopisos.com\/wp-content\/uploads\/2024\/02\/WhatsApp-Image-2024-02-19-at-09.56.15.webp?resize=300%2C169&amp;ssl=1 300w, https:\/\/i0.wp.com\/gailportopisos.com\/wp-content\/uploads\/2024\/02\/WhatsApp-Image-2024-02-19-at-09.56.15.webp?resize=1024%2C576&amp;ssl=1 1024w, https:\/\/i0.wp.com\/gailportopisos.com\/wp-content\/uploads\/2024\/02\/WhatsApp-Image-2024-02-19-at-09.56.15.webp?resize=768%2C432&amp;ssl=1 768w, https:\/\/i0.wp.com\/gailportopisos.com\/wp-content\/uploads\/2024\/02\/WhatsApp-Image-2024-02-19-at-09.56.15.webp?resize=1536%2C864&amp;ssl=1 1536w, https:\/\/i0.wp.com\/gailportopisos.com\/wp-content\/uploads\/2024\/02\/WhatsApp-Image-2024-02-19-at-09.56.15.webp?resize=150%2C85&amp;ssl=1 150w, https:\/\/i0.wp.com\/gailportopisos.com\/wp-content\/uploads\/2024\/02\/WhatsApp-Image-2024-02-19-at-09.56.15.webp?resize=600%2C338&amp;ssl=1 600w\" sizes=\"(max-width: 1200px) 100vw, 1200px\" \/><\/figure><div class=\"elementor-image-box-content\"><p class=\"elementor-image-box-description\">Nosso compromisso com a excel\u00eancia nos levou a introduzir a linha Gail, conhecida por sua qualidade excepcional. Agora, entregamos para todo o Brasil, levando nossa expertise e produtos premium para clientes em todo o pa\u00eds. Confie na Porto Pisos e Revestimentos para elevar o padr\u00e3o dos seus projetos de constru\u00e7\u00e3o e design.<\/p><\/div><\/div>\t\t\t\t<\/div>\n\t\t\t\t<\/div>\n\t\t\t\t<\/div>\n\t\t<div class=\"elementor-element elementor-element-3ebe914 e-con-full e-flex e-con e-parent\" data-id=\"3ebe914\" data-element_type=\"container\" data-settings=\"{&quot;background_background&quot;:&quot;classic&quot;}\">\n\t\t\t\t<\/div>\n\t\t\t\t<\/div>\n\t\t","protected":false},"excerpt":{"rendered":"<p>\/*! elementor &#8211; v3.18.0 &#8211; 08-12-2023 *\/ .elementor-widget-image-box .elementor-image-box-content{width:100%}@media (min-width:768px){.elementor-widget-image-box.elementor-position-left .elementor-image-box-wrapper,.elementor-widget-image-box.elementor-position-right .elementor-image-box-wrapper{display:flex}.elementor-widget-image-box.elementor-position-right .elementor-image-box-wrapper{text-align:right;flex-direction:row-reverse}.elementor-widget-image-box.elementor-position-left .elementor-image-box-wrapper{text-align:left;flex-direction:row}.elementor-widget-image-box.elementor-position-top .elementor-image-box-img{margin:auto}.elementor-widget-image-box.elementor-vertical-align-top .elementor-image-box-wrapper{align-items:flex-start}.elementor-widget-image-box.elementor-vertical-align-middle .elementor-image-box-wrapper{align-items:center}.elementor-widget-image-box.elementor-vertical-align-bottom .elementor-image-box-wrapper{align-items:flex-end}}@media (max-width:767px){.elementor-widget-image-box .elementor-image-box-img{margin-left:auto!important;margin-right:auto!important;margin-bottom:15px}}.elementor-widget-image-box .elementor-image-box-img{display:inline-block}.elementor-widget-image-box .elementor-image-box-title a{color:inherit}.elementor-widget-image-box .elementor-image-box-wrapper{text-align:center}.elementor-widget-image-box .elementor-image-box-description{margin:0} Sobre N\u00f3s H\u00e1 mais de uma d\u00e9cada no mercado, a Porto Pisos e Revestimentos tem sido l\u00edder na oferta de produtos de alta qualidade, incluindo pisos, revestimentos e porcelanatos avaliados [&hellip;]<\/p>\n","protected":false},"author":1,"featured_media":0,"parent":0,"menu_order":0,"comment_status":"closed","ping_status":"closed","template":"elementor_header_footer","meta":{"_joinchat":[],"footnotes":""},"class_list":["post-67","page","type-page","status-publish","hentry"],"_hostinger_reach_plugin_has_subscription_block":false,"_hostinger_reach_plugin_is_elementor":false,"jetpack_sharing_enabled":true,"_links":{"self":[{"href":"https:\/\/gailportopisos.com\/index.php?rest_route=\/wp\/v2\/pages\/67","targetHints":{"allow":["GET"]}}],"collection":[{"href":"https:\/\/gailportopisos.com\/index.php?rest_route=\/wp\/v2\/pages"}],"about":[{"href":"https:\/\/gailportopisos.com\/index.php?rest_route=\/wp\/v2\/types\/page"}],"author":[{"embeddable":true,"href":"https:\/\/gailportopisos.com\/index.php?rest_route=\/wp\/v2\/users\/1"}],"replies":[{"embeddable":true,"href":"https:\/\/gailportopisos.com\/index.php?rest_route=%2Fwp%2Fv2%2Fcomments&post=67"}],"version-history":[{"count":35,"href":"https:\/\/gailportopisos.com\/index.php?rest_route=\/wp\/v2\/pages\/67\/revisions"}],"predecessor-version":[{"id":1072,"href":"https:\/\/gailportopisos.com\/index.php?rest_route=\/wp\/v2\/pages\/67\/revisions\/1072"}],"wp:attachment":[{"href":"https:\/\/gailportopisos.com\/index.php?rest_route=%2Fwp%2Fv2%2Fmedia&parent=67"}],"curies":[{"name":"wp","href":"https:\/\/api.w.org\/{rel}","templated":true}]}}